{"id":2167,"date":"2022-03-10T14:54:14","date_gmt":"2022-03-10T13:54:14","guid":{"rendered":"https:\/\/www.lechanet.com\/cookies\/"},"modified":"2022-03-10T14:54:14","modified_gmt":"2022-03-10T13:54:14","slug":"cookies","status":"publish","type":"page","link":"https:\/\/www.lechanet.com\/de\/cookies\/","title":{"rendered":"Cookies"},"content":{"rendered":"<p>          [et_pb_section fb_built=&#8220;1&#8243; _builder_version=&#8220;4.17.3&#8243; _module_preset=&#8220;default&#8220; global_colors_info=&#8220;{}&#8220;]<br \/>\n            [et_pb_row _builder_version=&#8220;4.17.3&#8243; _module_preset=&#8220;default&#8220; global_colors_info=&#8220;{}&#8220;]<br \/>\n              [et_pb_column type=&#8220;4_4&#8243; _builder_version=&#8220;4.17.3&#8243; _module_preset=&#8220;default&#8220; global_colors_info=&#8220;{}&#8220;]<br \/>\n                [et_pb_text _builder_version=&#8220;4.17.3&#8243; _module_preset=&#8220;default&#8220; global_colors_info=&#8220;{}&#8220;]<\/p>\n<p><!-- divi:heading {\"level\":1} --><\/p>\n<h1 id=\"headline-4-538\">Cookies<\/h1>\n<\/p>\n<p><!-- \/divi:heading --><\/p>\n<p><!-- divi:heading --><\/p>\n<h2>Was ist ein Cookie?<\/h2>\n<p><!-- \/divi:heading --><\/p>\n<p><!-- divi:paragraph -->Ein Cookie ist eine Textdatei von begrenzter Gr\u00f6\u00dfe, die vom Browser abgelegt und auf Ihrem Endger\u00e4t gespeichert wird, wenn Sie eine Website besuchen. Der Begriff Cookies ist hier im weitesten Sinne zu verstehen und umfasst alle Tracer, die beim Besuch der Website, beim Lesen einer E-Mail, bei der Installation von Software oder bei der Nutzung einer mobilen Anwendung abgelegt oder gelesen werden.<\/p>\n<p><!-- \/divi:paragraph --><\/p>\n<p><!-- divi:paragraph -->Es gibt verschiedene Arten von Cookies: technische Cookies, die die Navigation auf der Website erleichtern (z. B. vorausgef\u00fcllte Formularfelder); propriet\u00e4re Cookies, die vom Herausgeber der Website, auf der Sie surfen, oder von einem seiner Subunternehmer hinterlegt werden, sowie Cookies von Drittanbietern, die von den auf den Seiten der Website angezeigten Elementen stammen.<\/p>\n<p><!-- \/divi:paragraph --><\/p>\n<p><!-- divi:paragraph -->Wenn Sie die Website besuchen, k\u00f6nnen wir, vorbehaltlich Ihrer Wahl, Cookies in Ihrem Browser installieren. Wenn Sie sich mit demselben Endger\u00e4t auf der Website anmelden, kann der Browser die Daten aus dem Cookie verwenden und sie an die Website \u00fcbermitteln.<\/p>\n<p><!-- \/divi:paragraph --><\/p>\n<p><!-- divi:paragraph -->Die abgelegten Cookies sind wichtig f\u00fcr das reibungslose Funktionieren der Website und erm\u00f6glichen insbesondere Folgendes:<\/p>\n<p><!-- \/divi:paragraph --><\/p>\n<p><!-- divi:list --><\/p>\n<ul>\n<li>Informationen \u00fcber ein Formular zu speichern, das Sie auf der Website ausgef\u00fcllt haben<\/li>\n<li>den technischen und administrativen Betrieb der Website zu erm\u00f6glichen<\/li>\n<li>Messung des Publikums von Personen, die auf der Website surfen<\/li>\n<li>Statistiken zu sammeln, um die Funktionen der Website zu optimieren<\/li>\n<li>Einige Cookies k\u00f6nnen bereits auf Ihrem Endger\u00e4t abgelegt werden, andere m\u00fcssen die Zustimmung des Nutzers einholen. Wenn ein Cookie, das die Zustimmung des Internetnutzers erfordert, auf Ihrem Endger\u00e4t abgelegt werden kann, werden Sie durch ein Banner \u00fcber seine Anwesenheit informiert. Solange Sie nicht weiter auf der Website surfen oder einfach nur eine Seite der Website durchbl\u00e4ttern, werden wir keine Cookies auf Ihrem Endger\u00e4t (z. B. Computer, Mobiltelefon) ablegen.<\/li>\n<\/ul>\n<p><!-- \/divi:list --><\/p>\n<p><!-- divi:heading --><\/p>\n<h2>Welche Cookies verwenden wir?<\/h2>\n<p><!-- \/divi:heading --><\/p>\n<p><!-- divi:paragraph -->Die Cookies, die m\u00f6glicherweise auf Ihrem Computerterminal abgelegt werden, k\u00f6nnen in vier Hauptkategorien unterteilt werden: technische Cookies, Cookies zur Messung der Besucherzahlen, kommerzielle Cookies und Cookies von sozialen Netzwerken.<\/p>\n<p><!-- \/divi:paragraph --><\/p>\n<p><!-- divi:paragraph -->Die Cookies, die m\u00f6glicherweise auf Ihrem Computerterminal abgelegt werden, k\u00f6nnen in vier Hauptkategorien unterteilt werden: technische Cookies, Cookies zur Messung der Besucherzahlen, kommerzielle Cookies und Cookies von sozialen Netzwerken.<\/p>\n<\/p>\n<p><!-- \/divi:paragraph --><\/p>\n<p><!-- divi:heading {\"level\":3} --><\/p>\n<h3>Verschiedene<\/h3>\n<p><!-- \/divi:heading --><\/p>\n<p><!-- divi:paragraph -->Zweck in Erwartung einer Untersuchung<\/p>\n<p><!-- \/divi:paragraph --><\/p>\n<p><!-- divi:paragraph --><\/p>\n<p id=\"cmplz-manage-consent-container\">Funktional Marketing-Statistiken<\/p>\n<\/p>\n<p><!-- \/divi:paragraph --><\/p>\n<p><!-- divi:heading --><\/p>\n<h2>Wie kann ich die Hinterlegung von Cookies einstellen?<\/h2>\n<p><!-- \/divi:heading --><\/p>\n<p><!-- divi:paragraph -->Sie k\u00f6nnen die Hinterlegung von Cookies manuell, in Abh\u00e4ngigkeit von jedem Cookie oder automatisch einstellen, indem Sie die Einstellungen Ihres Browsers wie unten beschrieben konfigurieren.<\/p>\n<\/p>\n<p><!-- \/divi:paragraph --><\/p>\n<p><!-- divi:paragraph --><strong>Die technischen Cookies<\/strong><br \/>Diese Cookies dienen insbesondere dazu, Ihre reibungslose Navigation auf der Website und die Sicherheit Ihrer Pers\u00f6nlichen Daten zu gew\u00e4hrleisten. Diese Cookies sind strikt notwendig, um auf ausdr\u00fccklichen Wunsch des Nutzers einen Online-Kommunikationsdienst bereitzustellen.<\/p>\n<\/p>\n<p><!-- \/divi:paragraph --><\/p>\n<p><!-- divi:paragraph --><strong>Kommerzielle Cookies<\/strong><br \/>Diese Seite verwendet keine kommerziellen Cookies.<\/p>\n<\/p>\n<p><!-- \/divi:paragraph --><\/p>\n<p><!-- divi:paragraph --><strong>Cookies zur Messung des Publikums<\/strong><br \/>Wie der Name schon sagt, erm\u00f6glichen es die Cookies zur Messung der Besucherzahlen, die Anzahl der Nutzer auf der Website zu messen und Statistiken zu erstellen, um die Dienstleistungen zu verbessern.<\/p>\n<\/p>\n<p><!-- \/divi:paragraph --><\/p>\n<p><!-- divi:paragraph --><strong>Cookies von sozialen Netzwerken<\/strong><br \/>Cookies von sozialen Netzwerken entsprechen Cookies, die von sozialen Netzwerken ausgegeben werden. Cookies von sozialen Netzwerken entsprechen Cookies, die von sozialen Netzwerken ausgegeben werden.<\/p>\n<p><!-- \/divi:paragraph --><\/p>\n<p><!-- divi:paragraph -->Neben der manuellen Einstellung von Cookies \u00fcber die oben genannten Hinweise k\u00f6nnen Sie Ihren Internetbrowser auch so konfigurieren, dass Sie einstellen, wie Ihr Browser automatisch mit Cookies umgehen soll.<\/p>\n<p><!-- \/divi:paragraph --><\/p>\n<p><!-- divi:paragraph -->Ihre Wahl ist nie endg\u00fcltig, und Sie k\u00f6nnen jederzeit alle oder einen Teil der Cookies durch die unten beschriebenen Verfahren deaktivieren.<\/p>\n<\/p>\n<p><!-- \/divi:paragraph --><\/p>\n<p><!-- divi:heading --><\/p>\n<h2>Einrichten Ihrer Browser-Software<\/h2>\n<p><!-- \/divi:heading --><\/p>\n<p><!-- divi:paragraph -->F\u00fcr die Verwaltung von Cookies und Ihrer Wahlm\u00f6glichkeiten sind die Einstellungen jedes Browsers unterschiedlich. Wir weisen Sie darauf hin, dass einige Funktionen der Website nicht zug\u00e4nglich sind, wenn Sie Ihren Browser so einstellen, dass er Cookies ablehnt. Wir k\u00f6nnen in keinem Fall f\u00fcr eventuelle Probleme verantwortlich gemacht werden, die sich aus einem Widerspruch gegen die Hinterlegung eines Cookies ergeben.<\/p>\n<p><!-- \/divi:paragraph --><\/p>\n<p><!-- divi:paragraph --><strong>F\u00fcr Internet Explorer\u2122<\/strong><\/p>\n<p><!-- \/divi:paragraph --><\/p>\n<p><!-- divi:paragraph -->Sie k\u00f6nnen alle Informationen finden, indem Sie <a href=\"http:\/\/windows.microsoft.com\/fr-FR\/windows-vista\/Block-or-allow-cookies\" target=\"_blank\" rel=\"noreferrer noopener\">hier<\/a>klicken.<\/p>\n<p><!-- \/divi:paragraph --><\/p>\n<p><!-- divi:paragraph -->Klicken Sie oben in Ihrem Browser auf die Schaltfl\u00e4che \u201e<strong>Extras<\/strong>\u201c und w\u00e4hlen Sie dann \u201e<strong>Internetoptionen<\/strong>\u201c.<br \/>Gehen Sie auf die Registerkarte \u201e<strong>Datenschutz<\/strong>\u201c, dann auf \u201e<strong>Einstellungen<\/strong>\u201c und bewegen Sie den Schieber nach oben, um m\u00f6glichst viele Cookies zu blockieren, oder bewegen Sie den Schieber nach unten, um m\u00f6glichst viele Cookies zuzulassen.<br \/>Dr\u00fccken Sie auf \u201e<strong>OK<\/strong>\u201c, um Ihre Einstellungen zu speichern.<\/p>\n<\/p>\n<p><!-- \/divi:paragraph --><\/p>\n<p><!-- divi:paragraph --><strong>F\u00fcr Chrome\u2122<\/strong><\/p>\n<p><!-- \/divi:paragraph --><\/p>\n<p><!-- divi:paragraph -->Sie k\u00f6nnen alle Informationen finden, indem Sie <a href=\"http:\/\/support.google.com\/chrome\/bin\/answer.py?hl=fr&amp;hlrm=en&amp;answer=95647\" target=\"_blank\" rel=\"noreferrer noopener\">hier<\/a>klicken.<\/p>\n<p><!-- \/divi:paragraph --><\/p>\n<p><!-- divi:paragraph -->Klicken Sie oben in Ihrem Browser auf die Schaltfl\u00e4che \u201e<strong>Google Chrome anpassen und steuern<\/strong>\u201c und w\u00e4hlen Sie dann \u201e<strong>Einstellungen<\/strong>\u201c.<br \/>Klicken Sie auf \u201e<strong>Erweiterte Einstellungen anzeigen<\/strong>&#8230;\u201c.<br \/>Klicken Sie im Untermen\u00fc \u201e<strong>Datenschutz<\/strong>\u201c auf die Schaltfl\u00e4che \u201e<strong>Inhaltseinstellungen<\/strong>&#8230;\u201c.<br \/>W\u00e4hlen Sie die gew\u00fcnschten Cookie-Einstellungen :<\/p>\n<p><!-- \/divi:paragraph --><\/p>\n<p><!-- divi:list --><\/p>\n<ul>\n<li>&#8222;<strong>Lokale Datenspeicherung zulassen (empfohlen)<\/strong>&#8220; bedeutet, dass Sie Ihrem Chrome-Browser erlauben, sowohl propriet\u00e4re Cookies als auch Cookies von Drittanbietern zu speichern.<\/li>\n<li>&#8222;<strong>Lokale Daten nur so lange behalten, bis ich meine Browsersitzung verlasse<\/strong>&#8220; bedeutet, dass Sie den Websites, auf denen Sie w\u00e4hrend Ihrer Sitzung surfen, erlauben, eigene Cookies und Cookies von Drittanbietern zu hinterlegen. Wenn Sie Ihre Sitzung beenden (Schlie\u00dfen von Google Chrome), werden diese Cookies automatisch von Ihrem Endger\u00e4t gel\u00f6scht.<\/li>\n<li>&#8222;<strong>Allen Websites das Speichern von Daten verbieten<\/strong>&#8220; bedeutet, dass keine Cookies auf Ihrem Endger\u00e4t abgelegt werden. Diese Option kann Ihre Navigation auf Internetseiten behindern, insbesondere auf solchen, die eine Anmeldung Ihrerseits erfordern.<br \/>Aktivieren Sie die Option \u201eCookies und Daten von Drittanbietern blockieren\u201c, wenn Sie nicht m\u00f6chten, dass Cookies von Drittanbietern auf Ihrem Endger\u00e4t abgelegt werden. Diese Option blockiert alle Cookies von Drittanbietern, auch die von Websites, die Sie zu den Ausnahmen hinzugef\u00fcgt haben.<br \/>Klicken Sie auf \u201e<strong>OK<\/strong>\u201c, um das Fenster \u201eInhaltseinstellungen\u201c zu schlie\u00dfen und die Einstellungen Ihres Google Chrome-Browsers zu speichern. <\/li>\n<\/ul>\n<p><!-- \/divi:list --><\/p>\n<p><!-- divi:paragraph --><strong>F\u00fcr Firefox\u2122<\/strong><\/p>\n<p><!-- \/divi:paragraph --><\/p>\n<p><!-- divi:paragraph -->Sie k\u00f6nnen alle Informationen finden, indem Sie <a href=\"http:\/\/support.mozilla.org\/fr\/kb\/Activer%20et%20d%C3%A9sactiver%20les%20cookies\" target=\"_blank\" rel=\"noreferrer noopener\">hier<\/a>klicken.<\/p>\n<p><!-- \/divi:paragraph --><\/p>\n<p><!-- divi:paragraph -->Klicken Sie oben in Ihrem Browser auf die Schaltfl\u00e4che \u201e<strong>Firefox<\/strong>\u201c und w\u00e4hlen Sie dann \u201e<strong>Optionen<\/strong>\u201c.<br \/>W\u00e4hlen Sie die Registerkarte \u201e<strong>Datenschutz<\/strong>\u201c.<br \/>Aktivieren Sie das K\u00e4stchen <strong>\u201eCookies akzeptieren\u201c<\/strong>, wenn Sie die Cookies der Websites, auf denen Sie surfen, aktivieren m\u00f6chten. Deaktivieren Sie das K\u00e4stchen, wenn Sie die Cookies deaktivieren m\u00f6chten.<br \/>Die vollst\u00e4ndige Deaktivierung von Cookies kann zu einer Verlangsamung beim Besuch bestimmter Websites f\u00fchren.<br \/>W\u00e4hlen Sie die gew\u00fcnschte Dauer der Speicherung von Cookies : <\/p>\n<p><!-- \/divi:paragraph --><\/p>\n<p><!-- divi:list --><\/p>\n<ul>\n<li>&#8222;<strong>Behalten bis: Ablauf<\/strong>&#8220; bedeutet, dass jedes Cookie, das auf Ihrem Endger\u00e4t abgelegt wird, gel\u00f6scht wird, wenn es sein Ablaufdatum erreicht hat, das von der Website, die das Cookie ablegt, festgelegt wird.<\/li>\n<li>&#8222;<strong>Behalten bis: Schlie\u00dfen von Firefox<\/strong>&#8220; bedeutet, dass die auf Ihrem Computer gespeicherten Cookies jedes Mal gel\u00f6scht werden, wenn Sie Ihren Firefox-Browser schlie\u00dfen.<\/li>\n<li><strong>\u201eBehalten bis: mich jedes Mal fragen\u201c<\/strong> bedeutet, dass Ihr Firefox-Browser Sie jedes Mal um Erlaubnis bittet, wenn eine Website versucht, ein Cookie bei Ihnen abzulegen.<br \/>Klicken Sie auf \u201e<strong>OK<\/strong>\u201c, um das Fenster \u201e<strong>Optionen<\/strong>\u201c zu schlie\u00dfen und die Einstellungen Ihres Firefox-Browsers zu speichern.<\/li>\n<\/ul>\n<p><!-- \/divi:list --><\/p>\n<p><!-- divi:paragraph --><strong>F\u00fcr Opera\u2122<\/strong><\/p>\n<p><!-- \/divi:paragraph --><\/p>\n<p><!-- divi:paragraph -->Sie k\u00f6nnen alle Informationen finden, indem Sie <a href=\"http:\/\/help.opera.com\/Win\/Windows\/10.20\/fr\/cookies.html\" target=\"_blank\" rel=\"noreferrer noopener\">hier<\/a>klicken.<\/p>\n<p><!-- \/divi:paragraph --><\/p>\n<p><!-- divi:paragraph -->Klicken Sie in der Men\u00fcleiste Ihres Browsers auf \u201e<strong>Safari<\/strong>\u201c.<br \/>Klicken Sie dann auf <strong>\u201eEinstellungen\u201c<\/strong>.<br \/>Klicken Sie auf die Registerkarte \u201e<strong>Datenschutz<\/strong>\u201c.<br \/>W\u00e4hlen Sie die gew\u00fcnschte Einstellung f\u00fcr Cookies.<\/p>\n<\/p>\n<p><!-- \/divi:paragraph --><\/p>\n<p><!-- divi:heading --><\/p>\n<h2>Einrichten Ihres Smartphones<\/h2>\n<p><!-- \/divi:heading --><\/p>\n<p><!-- divi:paragraph --><strong>F\u00fcr iOS\u2122<\/strong>:<a href=\"https:\/\/support.apple.com\/fr-fr\/HT201265\" target=\"_blank\" rel=\"noreferrer noopener\">https:\/\/support.apple.com\/fr-fr\/HT201265<\/a><\/p>\n<p><!-- \/divi:paragraph --><\/p>\n<p><!-- divi:paragraph --><strong>F\u00fcr Android\u2122<\/strong> : <a href=\"https:\/\/support.google.com\/chrome\/topic\/3434352\" target=\"_blank\" rel=\"noreferrer noopener\">https:\/\/support.google.com\/chrome\/topic\/3434352<\/a><\/p>\n<\/p>\n<p><!-- \/divi:paragraph --><\/p>\n<p><!-- divi:heading --><\/p>\n<h2>Aktualisierung der Cookie-Richtlinie<\/h2>\n<p><!-- \/divi:heading --><\/p>\n<p><!-- divi:paragraph -->Wir behalten uns das Recht vor, diese Cookie-Richtlinie jederzeit zu \u00e4ndern.<br \/>Wir empfehlen Ihnen jedoch, die Cookie-Richtlinie regelm\u00e4\u00dfig zu \u00fcberpr\u00fcfen, um sich \u00fcber die vorgesehenen Modalit\u00e4ten zum Schutz Ihrer pers\u00f6nlichen Daten zu informieren.<\/p>\n<p><!-- \/divi:paragraph --><\/p>\n<p><!-- divi:paragraph -->Diese Cookie-Richtlinie wurde zuletzt am <strong>05\/05\/2022 aktualisiert.<\/strong><\/p>\n<\/p>\n<p><!-- \/divi:paragraph --><\/p>\n<p><!-- divi:heading --><\/p>\n<h2>Kontakt<\/h2>\n<p><!-- \/divi:heading --><\/p>\n<p><!-- divi:paragraph -->Bei Fragen zu unserer Cookie-Richtlinie k\u00f6nnen Sie sich direkt mit uns in Verbindung setzen, indem Sie sich an <a href=\"mailto:campinglechanet@gmail.com\">campinglechanet@gmail.com<\/a> oder per Post an Camping Le Chanet, 9 Rue du Chanet, 25290 Ornans,<span><\/span> Frankreich wenden.<\/p>\n<p><!-- \/divi:paragraph --><\/p>\n<p>[\/et_pb_text]<br \/>\n                [et_pb_code _builder_version=&#8220;4.27.4&#8243; _module_preset=&#8220;default&#8220; hover_enabled=&#8220;0&#8243; global_colors_info=&#8220;{}&#8220; sticky_enabled=&#8220;0&#8243;]<\/p>\n<div id=\"matomo-opt-out\"><\/div>\n<p><!-- [et_pb_line_break_holder] --><script src=\"https:\/\/matomo.multi-cap-3.cadcom-studio.fr\/index.php?module=CoreAdminHome&amp;action=optOutJS&amp;divId=matomo-opt-out&amp;language=auto&amp;showIntro=1\"><\/script><!-- [et_pb_line_break_holder] -->      <!-- [et_pb_line_break_holder] -->      [\/et_pb_code]<br \/>\n              [\/et_pb_column]<br \/>\n            [\/et_pb_row]<br \/>\n          [\/et_pb_section]<\/p>\n","protected":false},"excerpt":{"rendered":"<p>Cookies Was ist ein Cookie? Ein Cookie ist eine Textdatei von begrenzter Gr\u00f6\u00dfe, die vom Browser abgelegt und auf Ihrem Endger\u00e4t gespeichert wird, wenn Sie eine Website besuchen. Der Begriff Cookies ist hier im weitesten Sinne zu verstehen und umfasst alle Tracer, die beim Besuch der Website, beim Lesen einer E-Mail, bei der Installation von [&hellip;]<\/p>\n","protected":false},"author":1,"featured_media":0,"parent":0,"menu_order":0,"comment_status":"closed","ping_status":"closed","template":"","meta":{"_et_pb_use_builder":"on","_et_pb_old_content":"","_et_gb_content_width":"","footnotes":""},"class_list":["post-2167","page","type-page","status-publish","hentry"],"_links":{"self":[{"href":"https:\/\/www.lechanet.com\/de\/wp-json\/wp\/v2\/pages\/2167","targetHints":{"allow":["GET"]}}],"collection":[{"href":"https:\/\/www.lechanet.com\/de\/wp-json\/wp\/v2\/pages"}],"about":[{"href":"https:\/\/www.lechanet.com\/de\/wp-json\/wp\/v2\/types\/page"}],"author":[{"embeddable":true,"href":"https:\/\/www.lechanet.com\/de\/wp-json\/wp\/v2\/users\/1"}],"replies":[{"embeddable":true,"href":"https:\/\/www.lechanet.com\/de\/wp-json\/wp\/v2\/comments?post=2167"}],"version-history":[{"count":0,"href":"https:\/\/www.lechanet.com\/de\/wp-json\/wp\/v2\/pages\/2167\/revisions"}],"wp:attachment":[{"href":"https:\/\/www.lechanet.com\/de\/wp-json\/wp\/v2\/media?parent=2167"}],"curies":[{"name":"wp","href":"https:\/\/api.w.org\/{rel}","templated":true}]}}