{"id":623,"date":"2022-03-01T22:31:47","date_gmt":"2022-03-01T21:31:47","guid":{"rendered":"https:\/\/www.lechanet.com\/wie-reservieren\/"},"modified":"2026-02-18T16:42:06","modified_gmt":"2026-02-18T15:42:06","slug":"wie-reservieren","status":"publish","type":"page","link":"https:\/\/www.lechanet.com\/de\/wie-reservieren\/","title":{"rendered":"Wie reservieren"},"content":{"rendered":"<p>[et_pb_section fb_built=&#8220;1&#8243; custom_padding_last_edited=&#8220;on|tablet&#8220; _builder_version=&#8220;4.17.1&#8243; _module_preset=&#8220;default&#8220; background_image=&#8220;https:\/\/www.lechanet.com\/wp-content\/uploads\/2022\/04\/header-lecamping.jpg&#8220; width_tablet=&#8220;&#8220; width_phone=&#8220;&#8220; width_last_edited=&#8220;on|tablet&#8220; max_width=&#8220;100%&#8220; height=&#8220;600px&#8220; height_tablet=&#8220;auto&#8220; height_phone=&#8220;100%&#8220; height_last_edited=&#8220;on|tablet&#8220; custom_margin_tablet=&#8220;10px||10px||true|false&#8220; custom_margin_phone=&#8220;0px||0px||true|false&#8220; custom_margin_last_edited=&#8220;on|tablet&#8220; custom_padding_tablet=&#8220;10px||10px||true|false&#8220; custom_padding_phone=&#8220;0px||0px||true|false&#8220; animation_style=&#8220;fade&#8220; animation_duration=&#8220;1500ms&#8220; global_colors_info=&#8220;{}&#8220; background__hover_enabled=&#8220;on|desktop&#8220;][et_pb_row use_custom_gutter=&#8220;on&#8220; gutter_width=&#8220;2&#8243; make_equal=&#8220;on&#8220; custom_padding_last_edited=&#8220;on|tablet&#8220; _builder_version=&#8220;4.17.1&#8243; _module_preset=&#8220;default&#8220; width=&#8220;90%&#8220; max_width=&#8220;1140px&#8220; module_alignment=&#8220;center&#8220; custom_padding=&#8220;18vh||18vh||true|false&#8220; custom_padding_tablet=&#8220;75px||75px||true|false&#8220; custom_padding_phone=&#8220;120px||120px||true|false&#8220; animation_style=&#8220;slide&#8220; animation_duration=&#8220;1500ms&#8220; animation_delay=&#8220;200ms&#8220; animation_speed_curve=&#8220;ease&#8220; global_colors_info=&#8220;{}&#8220;][et_pb_column type=&#8220;4_4&#8243; _builder_version=&#8220;4.16&#8243; _module_preset=&#8220;default&#8220; global_colors_info=&#8220;{}&#8220;][et_pb_text _builder_version=&#8220;4.17.1&#8243; _module_preset=&#8220;default&#8220; header_font=&#8220;|300|||||||&#8220; header_text_align=&#8220;center&#8220; header_text_color=&#8220;#FFFFFA&#8220; header_font_size=&#8220;70px&#8220; header_line_height=&#8220;1.1em&#8220; custom_margin_tablet=&#8220;&#8220; custom_margin_phone=&#8220;&#8220; custom_margin_last_edited=&#8220;on|tablet&#8220; header_font_size_tablet=&#8220;40px&#8220; header_font_size_phone=&#8220;35px&#8220; header_font_size_last_edited=&#8220;on|tablet&#8220; header_text_shadow_style=&#8220;preset2&#8243; global_colors_info=&#8220;{}&#8220;]<\/p>\n<h1>Reservierungen<\/h1>\n<p>[\/et_pb_text][\/et_pb_column][\/et_pb_row][\/et_pb_section][et_pb_section fb_built=&#8220;1&#8243; custom_padding_last_edited=&#8220;on|tablet&#8220; _builder_version=&#8220;4.17.1&#8243; _module_preset=&#8220;default&#8220; background_color=&#8220;#FFFFFA&#8220; custom_margin_tablet=&#8220;10px||||false|false&#8220; custom_margin_phone=&#8220;10px||||false|false&#8220; custom_margin_last_edited=&#8220;on|tablet&#8220; custom_padding_tablet=&#8220;10px||||false|false&#8220; custom_padding_phone=&#8220;10px||||false|false&#8220; global_colors_info=&#8220;{}&#8220;][et_pb_row _builder_version=&#8220;4.16&#8243; _module_preset=&#8220;default&#8220; max_width=&#8220;100%&#8220; global_colors_info=&#8220;{}&#8220;][et_pb_column type=&#8220;4_4&#8243; _builder_version=&#8220;4.16&#8243; _module_preset=&#8220;default&#8220; global_colors_info=&#8220;{}&#8220;][et_pb_image src=&#8220;https:\/\/www.lechanet.com\/wp-content\/uploads\/2022\/03\/cropped-LeChanet\u2022icon.png&#8220; title_text=&#8220;cropped-LeChanet\u2022icon.png&#8220; _builder_version=&#8220;4.17.1&#8243; _module_preset=&#8220;default&#8220; width=&#8220;4%&#8220; width_tablet=&#8220;8%&#8220; width_phone=&#8220;14%&#8220; width_last_edited=&#8220;on|tablet&#8220; module_alignment=&#8220;center&#8220; animation_style=&#8220;fade&#8220; animation_delay=&#8220;150ms&#8220; global_colors_info=&#8220;{}&#8220; transform_styles__hover_enabled=&#8220;on|hover&#8220; transform_scale__hover_enabled=&#8220;on|desktop&#8220; transform_translate__hover_enabled=&#8220;on|desktop&#8220; transform_rotate__hover_enabled=&#8220;on|hover&#8220; transform_skew__hover_enabled=&#8220;on|desktop&#8220; transform_origin__hover_enabled=&#8220;on|desktop&#8220; transform_rotate__hover=&#8220;0deg|180deg|0deg&#8220;][\/et_pb_image][et_pb_text _builder_version=&#8220;4.17.3&#8243; _module_preset=&#8220;default&#8220; header_2_font=&#8220;|||on|||||&#8220; header_2_text_align=&#8220;center&#8220; header_2_text_color=&#8220;#9B9500&#8243; header_2_font_size=&#8220;30px&#8220; custom_margin_tablet=&#8220;||10px||false|false&#8220; custom_margin_phone=&#8220;||10px||false|false&#8220; custom_margin_last_edited=&#8220;on|tablet&#8220; animation_style=&#8220;fade&#8220; animation_delay=&#8220;200ms&#8220; header_2_font_size_tablet=&#8220;25px&#8220; header_2_font_size_phone=&#8220;20px&#8220; header_2_font_size_last_edited=&#8220;on|tablet&#8220; global_colors_info=&#8220;{}&#8220;]<\/p>\n<h2>Entdecken Sie unsere Unterk\u00fcnfte und buchen Sie Ihren Aufenthalt, indem Sie auf diese Schaltfl\u00e4che klicken:<\/h2>\n<p>[\/et_pb_text][et_pb_button button_url=&#8220;https:\/\/bookingpremium.secureholiday.net\/fr\/3087&#8243; url_new_window=&#8220;on&#8220; button_text=&#8220;Ich buche meinen Aufenthalt&#8220; button_alignment=&#8220;center&#8220; _builder_version=&#8220;4.17.3&#8243; _module_preset=&#8220;default&#8220; custom_button=&#8220;on&#8220; button_text_color=&#8220;#FFFFFA&#8220; button_bg_color=&#8220;#CFC805&#8243; button_font=&#8220;|600|||||||&#8220; custom_margin=&#8220;||60px||false|false&#8220; animation_style=&#8220;fade&#8220; animation_delay=&#8220;300ms&#8220; button_text_size_tablet=&#8220;18px&#8220; button_text_size_phone=&#8220;18px&#8220; button_text_size_last_edited=&#8220;on|tablet&#8220; box_shadow_style=&#8220;preset3&#8243; global_colors_info=&#8220;{}&#8220;][\/et_pb_button][et_pb_text content_tablet=&#8220;<\/p>\n<p>Und wenn Sie mit der Buchungsplattform nicht vertraut sind, z\u00f6gern Sie nicht, uns zu kontaktieren<\/p>\n<p>Wir begleiten Sie bei der gemeinsamen Reservierung.<\/p>\n<p>        &#8220; content_phone=&#8220;<\/p>\n<p>Und wenn Sie mit der Buchungsplattform nicht vertraut sind, z\u00f6gern Sie nicht, uns zu kontaktieren<\/p>\n<p>Wir begleiten Sie bei der gemeinsamen Reservierung.<\/p>\n<p>        &#8220; content_last_edited=&#8220;on|tablet&#8220; _builder_version=&#8220;4.17.1&#8243; _module_preset=&#8220;default&#8220; text_font=&#8220;|600|||||||&#8220; text_font_size=&#8220;20px&#8220; header_2_font=&#8220;|||on|||||&#8220; header_2_text_align=&#8220;center&#8220; header_2_text_color=&#8220;#9B9500&#8243; header_2_font_size=&#8220;30px&#8220; text_orientation=&#8220;center&#8220; width=&#8220;70%&#8220; width_tablet=&#8220;70%&#8220; width_phone=&#8220;100%&#8220; width_last_edited=&#8220;on|phone&#8220; max_width_tablet=&#8220;&#8220; max_width_phone=&#8220;100%&#8220; max_width_last_edited=&#8220;on|phone&#8220; module_alignment=&#8220;center&#8220; animation_style=&#8220;fade&#8220; animation_delay=&#8220;400ms&#8220; text_font_size_tablet=&#8220;18px&#8220; text_font_size_phone=&#8220;15px&#8220; text_font_size_last_edited=&#8220;on|tablet&#8220; global_colors_info=&#8220;{}&#8220;]<\/p>\n<p>Und wenn Sie mit der Buchungsplattform nicht vertraut sind, z\u00f6gern Sie nicht, uns zu kontaktieren<br \/>per E-Mail oder Telefon!<\/p>\n<p>Wir begleiten Sie bei der gemeinsamen Reservierung.<\/p>\n<p>[\/et_pb_text][\/et_pb_column][\/et_pb_row][et_pb_row column_structure=&#8220;1_2,1_2&#8243; _builder_version=&#8220;4.17.1&#8243; _module_preset=&#8220;default&#8220; background_color=&#8220;gcid-e353007f-625e-4fd9-8038-f5261b36f1c9&#8243; width=&#8220;45%&#8220; width_tablet=&#8220;75%&#8220; width_phone=&#8220;75%&#8220; width_last_edited=&#8220;on|tablet&#8220; max_width=&#8220;100%&#8220; animation_style=&#8220;flip&#8220; animation_delay=&#8220;500ms&#8220; border_radii=&#8220;on|20px|20px|20px|20px&#8220; box_shadow_style=&#8220;preset2&#8243; global_colors_info=&#8220;{%22gcid-e353007f-625e-4fd9-8038-f5261b36f1c9%22:%91%22background_color%22%93}&#8220;][et_pb_column type=&#8220;1_2&#8243; _builder_version=&#8220;4.17.1&#8243; _module_preset=&#8220;default&#8220; border_width_right=&#8220;2px&#8220; border_color_right=&#8220;#FFFFFA&#8220; border_width_right_tablet=&#8220;0px&#8220; border_width_right_phone=&#8220;0px&#8220; border_width_right_last_edited=&#8220;on|tablet&#8220; global_colors_info=&#8220;{}&#8220;][et_pb_image src=&#8220;https:\/\/www.lechanet.com\/wp-content\/uploads\/2022\/03\/phone.png&#8220; title_text=&#8220;Telefon&#8220; _builder_version=&#8220;4.17.1&#8243; _module_preset=&#8220;default&#8220; width=&#8220;16%&#8220; width_tablet=&#8220;25%&#8220; width_phone=&#8220;35%&#8220; width_last_edited=&#8220;on|tablet&#8220; module_alignment=&#8220;center&#8220; global_colors_info=&#8220;{}&#8220; width__hover_enabled=&#8220;on|desktop&#8220; width__hover=&#8220;16%&#8220;][\/et_pb_image][et_pb_text _builder_version=&#8220;4.17.1&#8243; _module_preset=&#8220;default&#8220; text_font_size=&#8220;21px&#8220; header_4_font=&#8220;|300|||||||&#8220; header_4_text_color=&#8220;#FFFFFA&#8220; header_4_font_size=&#8220;25px&#8220; text_orientation=&#8220;center&#8220; module_alignment=&#8220;center&#8220; text_font_size_tablet=&#8220;21px&#8220; text_font_size_phone=&#8220;18px&#8220; text_font_size_last_edited=&#8220;on|phone&#8220; global_colors_info=&#8220;{}&#8220;]<\/p>\n<h4>Telefon:<\/h4>\n<p>\n            <a href=\"tel:0381622344\">03 81 62 23 44<\/a>\n          <\/p>\n<p>[\/et_pb_text][\/et_pb_column][et_pb_column type=&#8220;1_2&#8243; _builder_version=&#8220;4.16&#8243; _module_preset=&#8220;default&#8220; global_colors_info=&#8220;{}&#8220;][et_pb_image src=&#8220;https:\/\/www.lechanet.com\/wp-content\/uploads\/2022\/03\/mail.png&#8220; title_text=&#8220;Email&#8220; _builder_version=&#8220;4.17.1&#8243; _module_preset=&#8220;default&#8220; width=&#8220;16%&#8220; width_tablet=&#8220;25%&#8220; width_phone=&#8220;35%&#8220; width_last_edited=&#8220;on|tablet&#8220; module_alignment=&#8220;center&#8220; global_colors_info=&#8220;{}&#8220;][\/et_pb_image][et_pb_text _builder_version=&#8220;4.17.1&#8243; _module_preset=&#8220;default&#8220; text_font_size=&#8220;21px&#8220; header_4_font=&#8220;|300|||||||&#8220; header_4_text_color=&#8220;#FFFFFA&#8220; header_4_font_size=&#8220;25px&#8220; text_orientation=&#8220;center&#8220; module_alignment=&#8220;center&#8220; text_font_size_tablet=&#8220;21px&#8220; text_font_size_phone=&#8220;18px&#8220; text_font_size_last_edited=&#8220;on|phone&#8220; global_colors_info=&#8220;{}&#8220;]<\/p>\n<h4>E-mail :<\/h4>\n<p>\n            <a href=\"mailto:campinglechanet@gmail.com\">campinglechanet@gmail.com<\/a>\n          <\/p>\n<p>[\/et_pb_text][\/et_pb_column][\/et_pb_row][et_pb_row column_structure=&#8220;1_2,1_2&#8243; _builder_version=&#8220;4.17.3&#8243; _module_preset=&#8220;default&#8220; custom_margin=&#8220;60px|auto||auto||&#8220; global_colors_info=&#8220;{}&#8220;][et_pb_column type=&#8220;1_2&#8243; _builder_version=&#8220;4.16.1&#8243; _module_preset=&#8220;default&#8220; global_colors_info=&#8220;{}&#8220;][et_pb_button button_url=&#8220;https:\/\/www.lechanet.com\/wp-content\/uploads\/2026\/01\/TARIF-EMPLACEMENT-.pdf&#8220; url_new_window=&#8220;on&#8220; button_text=&#8220;Sehen Sie sich unsere Stellplatzpreise an&#8220; button_alignment=&#8220;center&#8220; _builder_version=&#8220;4.27.5&#8243; _module_preset=&#8220;default&#8220; custom_button=&#8220;on&#8220; button_text_color=&#8220;#FFFFFA&#8220; button_bg_color=&#8220;#CFC805&#8243; button_font=&#8220;|600|||||||&#8220; custom_margin=&#8220;||70px|||&#8220; custom_margin_tablet=&#8220;||0px||false|false&#8220; custom_margin_phone=&#8220;||0px||false|false&#8220; custom_margin_last_edited=&#8220;on|tablet&#8220; animation_style=&#8220;fade&#8220; animation_delay=&#8220;300ms&#8220; hover_enabled=&#8220;0&#8243; button_text_size_tablet=&#8220;18px&#8220; button_text_size_phone=&#8220;16px&#8220; button_text_size_last_edited=&#8220;on|tablet&#8220; box_shadow_style=&#8220;preset3&#8243; global_colors_info=&#8220;{}&#8220; sticky_enabled=&#8220;0&#8243;][\/et_pb_button][\/et_pb_column][et_pb_column type=&#8220;1_2&#8243; _builder_version=&#8220;4.16.1&#8243; _module_preset=&#8220;default&#8220; global_colors_info=&#8220;{}&#8220;][et_pb_button button_url=&#8220;https:\/\/www.lechanet.com\/wp-content\/uploads\/2026\/01\/TARIF-LOCATIF-2026.pdf&#8220; url_new_window=&#8220;on&#8220; button_text=&#8220;Siehe unsere Mietpreise&#8220; button_alignment=&#8220;center&#8220; _builder_version=&#8220;4.27.5&#8243; _module_preset=&#8220;default&#8220; custom_button=&#8220;on&#8220; button_text_color=&#8220;#FFFFFA&#8220; button_bg_color=&#8220;#CFC805&#8243; button_font=&#8220;|600|||||||&#8220; custom_margin=&#8220;||70px|||&#8220; custom_margin_tablet=&#8220;||0px||false|false&#8220; custom_margin_phone=&#8220;||0px||false|false&#8220; custom_margin_last_edited=&#8220;on|tablet&#8220; animation_style=&#8220;fade&#8220; animation_delay=&#8220;300ms&#8220; hover_enabled=&#8220;0&#8243; button_text_size_tablet=&#8220;18px&#8220; button_text_size_phone=&#8220;16px&#8220; button_text_size_last_edited=&#8220;on|tablet&#8220; box_shadow_style=&#8220;preset3&#8243; global_colors_info=&#8220;{}&#8220; sticky_enabled=&#8220;0&#8243;][\/et_pb_button][\/et_pb_column][\/et_pb_row][et_pb_row _builder_version=&#8220;4.17.3&#8243; _module_preset=&#8220;default&#8220; global_colors_info=&#8220;{}&#8220;][et_pb_column type=&#8220;4_4&#8243; _builder_version=&#8220;4.17.3&#8243; _module_preset=&#8220;default&#8220; global_colors_info=&#8220;{}&#8220;][et_pb_image src=&#8220;https:\/\/www.lechanet.com\/wp-content\/uploads\/2026\/01\/Plan-camping.pdf.jpg&#8220; title_text=&#8220;Plan camping.pdf&#8220; _builder_version=&#8220;4.27.5&#8243; _module_preset=&#8220;default&#8220; max_width=&#8220;55%&#8220; module_alignment=&#8220;center&#8220; global_colors_info=&#8220;{}&#8220;][\/et_pb_image][\/et_pb_column][\/et_pb_row][et_pb_row _builder_version=&#8220;4.17.3&#8243; _module_preset=&#8220;default&#8220; custom_margin=&#8220;60px|auto||auto||&#8220; global_colors_info=&#8220;{}&#8220;][et_pb_column type=&#8220;4_4&#8243; _builder_version=&#8220;4.16.1&#8243; _module_preset=&#8220;default&#8220; global_colors_info=&#8220;{}&#8220;][et_pb_button button_url=&#8220;https:\/\/www.lechanet.com\/wp-content\/uploads\/2022\/05\/ASSURANCE-ANNULATION-MULTILANGUE.pdf&#8220; url_new_window=&#8220;on&#8220; button_text=&#8220;Reiser\u00fccktrittsversicherung&#8220; button_alignment=&#8220;center&#8220; _builder_version=&#8220;4.17.3&#8243; _module_preset=&#8220;default&#8220; custom_button=&#8220;on&#8220; button_text_color=&#8220;#FFFFFA&#8220; button_bg_color=&#8220;#CFC805&#8243; button_font=&#8220;|600|||||||&#8220; custom_margin=&#8220;||0px||false|false&#8220; custom_margin_tablet=&#8220;||0px||false|false&#8220; custom_margin_phone=&#8220;||0px||false|false&#8220; custom_margin_last_edited=&#8220;on|tablet&#8220; animation_style=&#8220;fade&#8220; animation_delay=&#8220;300ms&#8220; button_text_size_tablet=&#8220;18px&#8220; button_text_size_phone=&#8220;16px&#8220; button_text_size_last_edited=&#8220;on|tablet&#8220; box_shadow_style=&#8220;preset3&#8243; global_colors_info=&#8220;{}&#8220;][\/et_pb_button][\/et_pb_column][\/et_pb_row][\/et_pb_section]<\/p>\n","protected":false},"excerpt":{"rendered":"<p>ReservierungenEntdecken Sie unsere Unterk\u00fcnfte und buchen Sie Ihren Aufenthalt, indem Sie auf diese Schaltfl\u00e4che klicken:Und wenn Sie mit der Buchungsplattform nicht vertraut sind, z\u00f6gern Sie nicht, uns zu kontaktierenper E-Mail oder Telefon! Wir begleiten Sie bei der gemeinsamen Reservierung.Telefon: 03 81 62 23 44 E-mail : campinglechanet@gmail.com<\/p>\n","protected":false},"author":1,"featured_media":0,"parent":0,"menu_order":0,"comment_status":"closed","ping_status":"closed","template":"","meta":{"_et_pb_use_builder":"on","_et_pb_old_content":"","_et_gb_content_width":"","footnotes":""},"class_list":["post-623","page","type-page","status-publish","hentry"],"_links":{"self":[{"href":"https:\/\/www.lechanet.com\/de\/wp-json\/wp\/v2\/pages\/623","targetHints":{"allow":["GET"]}}],"collection":[{"href":"https:\/\/www.lechanet.com\/de\/wp-json\/wp\/v2\/pages"}],"about":[{"href":"https:\/\/www.lechanet.com\/de\/wp-json\/wp\/v2\/types\/page"}],"author":[{"embeddable":true,"href":"https:\/\/www.lechanet.com\/de\/wp-json\/wp\/v2\/users\/1"}],"replies":[{"embeddable":true,"href":"https:\/\/www.lechanet.com\/de\/wp-json\/wp\/v2\/comments?post=623"}],"version-history":[{"count":18,"href":"https:\/\/www.lechanet.com\/de\/wp-json\/wp\/v2\/pages\/623\/revisions"}],"predecessor-version":[{"id":2342,"href":"https:\/\/www.lechanet.com\/de\/wp-json\/wp\/v2\/pages\/623\/revisions\/2342"}],"wp:attachment":[{"href":"https:\/\/www.lechanet.com\/de\/wp-json\/wp\/v2\/media?parent=623"}],"curies":[{"name":"wp","href":"https:\/\/api.w.org\/{rel}","templated":true}]}}